{"id":79,"date":"2019-04-14T16:50:17","date_gmt":"2019-04-14T16:50:17","guid":{"rendered":"http:\/\/susanne-schmidt.de\/?page_id=79"},"modified":"2022-07-20T09:17:56","modified_gmt":"2022-07-20T09:17:56","slug":"about","status":"publish","type":"page","link":"https:\/\/susanne-schmidt.de\/?page_id=79","title":{"rendered":"about"},"content":{"rendered":"<p><strong>AKADEMISCHE AUSBILDUNG<\/strong><\/p>\n<p>Masterstudium mit dem Schwerpunkt experimentelles Entwerfen \u00a0 \u00a0 \u00a0\u00a0 <strong>Master of Arts<\/strong>\u00a0\u00a0<\/p>\n<p>Architekturstudium an der Wests\u00e4chsischen Hochschule Zwickau \u00a0 \u00a0 \u00a0 <strong>Diplomingenieur<\/strong> <strong>Architektur<\/strong> \u00a0<\/p>\n<p><strong>T\u00c4TIGKEIT IN DER LEHRE<\/strong><\/p>\n<p>Mitarbeiterin im Projekt <strong>\u201eOptLA&#8220;<\/strong>&#8211; Implementation und Etablierung von kooperativen Studieng\u00e4ngen der Ingenieurp\u00e4dagogik an ausgew\u00e4hlten Hochschulen Sachsens<\/p>\n<p>Seit 2016 Lehrkraft f\u00fcr Entwurf und Gestaltung, Konfektionstechnik, Schnittkonstruktion, manuell und CAD basiert (Gratis) am Institut f\u00fcr Textil und Ledertechnik der Wests\u00e4chsischen Hochschule Zwickau<\/p>\n<p>Seit 2018 Ganztagsangebot \u201eN\u00e4hen und Schneidern\u201c an der\u00a0Dr. Christoph-Hufeland-Oberschule in Plauen<\/p>\n<p>2012 bis 2014 Dozent f\u00fcr experimentelles Entwerfen und Baukonstruktion im Masterstudiengang Architektur an der Wests\u00e4chsischen Hochschule Zwickau<\/p>\n<p><strong>T\u00c4TIGKEITEN IN DER FORSCHUNG<\/strong><\/p>\n<p>Entwurfsprojekt <strong>\u201eErlebniswelt Forschung\u201c<\/strong> &#8211; Forschungsstipendium im Projekt Saxony5<\/p>\n<p>M\u00e4rz 2016\u00a0 bis Dezember 2017 Bearbeitung des Forschungsprojektes \u201eNutzung salzhaltiger Grubenw\u00e4sser zur Werkstoffgewinnung\u201c,\u00a0Interdisziplin\u00e4res Projekt unter der Leitung von\u00a0Prof. Dr.-Ing. Gemende, Institut f\u00fcr Physikalische Technik, WHZ<\/p>\n<p>Januar 2014 bis Februar 2016\u00a0Bearbeitung des Forschungsprojektes \u201eactive wall\u201c, einem\u00a0Projekt zur Nutzung von Energiepotentialen an Geb\u00e4udeh\u00fcllen durch die Entwicklung von textilbasierten W\u00e4rmekollektorfl\u00e4chen und Verschattungs- und Lichtleitelementen,\u00a0Projektleitung Prof. H. M\u00fcller am\u00a0Institut f\u00fcr Textil und Ledertechnik<strong>,\u00a0<\/strong>WHZ<\/p>\n<p>Januar 2014 bis April 2014\u00a0Mitarbeit im Projekt \u201eModell zur k\u00f6rpernahen Raumklimatisierung\u201c,\u00a0Projektleitung Dr.rer.nat. M. Hoffmann am\u00a0Institutf\u00fcr Energie und Verkehr, WHZ<\/p>\n<p class=\"berschrift21\">Januar 2012 bis Dezember 2012 Autonome intrinsische Aktoren auf Basis von Verbundelementen f\u00fcr energieautarke Geb\u00e4udefassaden,\u00a0Interdisziplin\u00e4res Forschungsprojektes der Fakult\u00e4ten Automobil- und Maschinenbau und Architektur,<\/p>\n<p>April 2011 bis Dezember 2011 Mittarbeit im Projekt Ambient Assisted Living im kommunalen Wohnungsbau zur Bew\u00e4ltigung demographischer Probleme im Gesundheitswesen,\u00a0Interdisziplin\u00e4res Projekt der Fakult\u00e4ten Gesundheits- und Pflegewissenschaften, Architektur und Informatik,\u00a0Projektleitung Prof. Dr. rer. pol. habil. T. Teich<\/p>\n<p>April 2011 bis Dezember 2011 Bearbeitung des Projektes \u201eSelbstbestimmt leben mit Demenz,&#8220; interdisziplin\u00e4res Projekt der Fakult\u00e4ten Gesundheits- und Pflegewissenschaften und Architektur,\u00a0Projektleitung Prof. Dr. phil. M. Gr\u00fcnendahl<\/p>\n<p><strong>PREISE<\/strong><\/p>\n<p>3. Platz, Publikumspreis Stickstich 019 &#8211; TexCycle-Award &#8211;<\/p>\n<p>1.Platz Designwettbewerb &#8211; Drei T\u00fcrme &#8211; Auerbach<\/p>\n<p><strong>PROGRAMME<\/strong><\/p>\n<p>MS-Office (Word, Excel, Power Point), Libreoffice \u00a0 \u00a0 \u00a0 \u00a0 \u00a0 \u00a0 \u00a0 \u00a0 \u00a0 \u00a0 \u00a0 \u00a0 \u00a0 \u00a0 \u00a0 \u00a0 \u00a0 \u00a0 \u00a0 \u00a0 \u00a0 \u00a0 \u00a0 \u00a0 \u00a0 \u00a0 \u00a0 \u00a0 \u00a0 \u00a0 \u00a0 \u00a0 \u00a0 \u00a0 \u00a0 \u00a0 \u00a0<\/p>\n<p>CAD Programme (Corel, Vektorworks, Cinema4D) \u00a0 \u00a0<\/p>\n<p>Illustrator, Indesign, Photoshop, Gimp, Inkscape, Lightburn<\/p>\n<p><b>WEITERBILDUNGEN<\/b><\/p>\n<p>Workshop\u201eTeams und Mitarbeiter zu optimaler Leistung f\u00fchren\u201c,\u00a0Christina Fischer\u00a0<\/p>\n<p>Workshop\u00a0 \u201eUrsachen und Stellschrauben zur Minimierung von Unproduktivit\u00e4t im t\u00e4glichen Gesch\u00e4ftsleben\u201c,\u00a0Claudius Markov \u00a0 \u00a0 \u00a0 \u00a0 \u00a0 \u00a0 \u00a0 \u00a0 \u00a0 \u00a0 \u00a0 \u00a0 \u00a0 \u00a0 \u00a0 \u00a0 \u00a0 \u00a0 \u00a0 \u00a0 \u00a0 \u00a0 \u00a0 \u00a0 \u00a0 \u00a0 \u00a0 \u00a0 \u00a0 \u00a0 \u00a0 \u00a0 \u00a0 \u00a0 \u00a0 \u00a0 \u00a0 \u00a0 \u00a0<\/p>\n<p>Workshop \u201eKonflikte mit Studierenden meistern\u201c,\u00a0Dr. Anja Centeno Garcia \u00a0 \u00a0 \u00a0 \u00a0<\/p>\n<p>Workshop \u201eAktivierend Lehren &#8211; Methoden f\u00fcr Seminar und \u00dcbung\u201c,\u00a0Dr. Anja Centeno Garcia<\/p>\n<p>Workshop Methoden f\u00fcr die Vorlesung,\u00a0Dr. Anja Centeno Garcia \u00a0 \u00a0<\/p>\n<p>Einf\u00fchrung in Anleitung und Lehre,\u00a0Stefan M\u00fcller M.A<\/p>\n\n\n<p><\/p>\n","protected":false},"excerpt":{"rendered":"<p>AKADEMISCHE AUSBILDUNG Masterstudium mit dem Schwerpunkt experimentelles Entwerfen \u00a0 \u00a0 \u00a0\u00a0 Master of Arts\u00a0\u00a0 Architekturstudium an der Wests\u00e4chsischen Hochschule Zwickau \u00a0 \u00a0 \u00a0 Diplomingenieur Architektur \u00a0 T\u00c4TIGKEIT IN DER LEHRE Mitarbeiterin im Projekt \u201eOptLA&#8220;&#8211; Implementation und Etablierung von kooperativen Studieng\u00e4ngen der Ingenieurp\u00e4dagogik an ausgew\u00e4hlten Hochschulen Sachsens Seit 2016 Lehrkraft f\u00fcr Entwurf und Gestaltung, Konfektionstechnik, Schnittkonstruktion, &hellip; <\/p>\n<p class=\"link-more\"><a href=\"https:\/\/susanne-schmidt.de\/?page_id=79\" class=\"more-link\"><span class=\"screen-reader-text\">\u201eabout\u201c<\/span> weiterlesen<\/a><\/p>\n","protected":false},"author":1,"featured_media":0,"parent":0,"menu_order":0,"comment_status":"closed","ping_status":"closed","template":"","meta":[],"_links":{"self":[{"href":"https:\/\/susanne-schmidt.de\/index.php?rest_route=\/wp\/v2\/pages\/79"}],"collection":[{"href":"https:\/\/susanne-schmidt.de\/index.php?rest_route=\/wp\/v2\/pages"}],"about":[{"href":"https:\/\/susanne-schmidt.de\/index.php?rest_route=\/wp\/v2\/types\/page"}],"author":[{"embeddable":true,"href":"https:\/\/susanne-schmidt.de\/index.php?rest_route=\/wp\/v2\/users\/1"}],"replies":[{"embeddable":true,"href":"https:\/\/susanne-schmidt.de\/index.php?rest_route=%2Fwp%2Fv2%2Fcomments&post=79"}],"version-history":[{"count":25,"href":"https:\/\/susanne-schmidt.de\/index.php?rest_route=\/wp\/v2\/pages\/79\/revisions"}],"predecessor-version":[{"id":386,"href":"https:\/\/susanne-schmidt.de\/index.php?rest_route=\/wp\/v2\/pages\/79\/revisions\/386"}],"wp:attachment":[{"href":"https:\/\/susanne-schmidt.de\/index.php?rest_route=%2Fwp%2Fv2%2Fmedia&parent=79"}],"curies":[{"name":"wp","href":"https:\/\/api.w.org\/{rel}","templated":true}]}}